{"id":120,"date":"2019-11-22T11:06:35","date_gmt":"2019-11-22T14:06:35","guid":{"rendered":"https:\/\/gimenesgimenes.com.br.previewc75.carrierzone.com\/?page_id=120"},"modified":"2022-11-29T17:30:46","modified_gmt":"2022-11-29T20:30:46","slug":"treinamento-de-sindicantes","status":"publish","type":"page","link":"https:\/\/gimenesgimenes.com.br\/?page_id=120","title":{"rendered":"Den\u00fancia"},"content":{"rendered":"\t\t<div data-elementor-type=\"wp-page\" data-elementor-id=\"120\" class=\"elementor elementor-120\">\n\t\t\t\t\t\t<div class=\"elementor-inner\">\n\t\t\t\t<div class=\"elementor-section-wrap\">\n\t\t\t\t\t\t\t\t\t<section class=\"elementor-section elementor-top-section elementor-element elementor-element-5d85992 elementor-section-stretched inicio elementor-section-height-min-height elementor-section-boxed elementor-section-height-default elementor-section-items-middle\" data-id=\"5d85992\" data-element_type=\"section\" data-settings=\"{&quot;stretch_section&quot;:&quot;section-stretched&quot;,&quot;background_background&quot;:&quot;classic&quot;}\">\n\t\t\t\t\t\t<div class=\"elementor-container elementor-column-gap-default\">\n\t\t\t\t\t\t\t<div class=\"elementor-row\">\n\t\t\t\t\t<div class=\"elementor-column elementor-col-50 elementor-top-column elementor-element elementor-element-e1c6e6a\" data-id=\"e1c6e6a\" data-element_type=\"column\">\n\t\t\t<div class=\"elementor-column-wrap\">\n\t\t\t\t\t\t\t<div class=\"elementor-widget-wrap\">\n\t\t\t\t\t\t\t\t<\/div>\n\t\t\t\t\t<\/div>\n\t\t<\/div>\n\t\t\t\t<div class=\"elementor-column elementor-col-50 elementor-top-column elementor-element elementor-element-afb7604\" data-id=\"afb7604\" data-element_type=\"column\">\n\t\t\t<div class=\"elementor-column-wrap elementor-element-populated\">\n\t\t\t\t\t\t\t<div class=\"elementor-widget-wrap\">\n\t\t\t\t\t\t<div class=\"elementor-element elementor-element-1c69d24 elementor-widget elementor-widget-heading\" data-id=\"1c69d24\" data-element_type=\"widget\" data-widget_type=\"heading.default\">\n\t\t\t\t<div class=\"elementor-widget-container\">\n\t\t\t<h2 class=\"elementor-heading-title elementor-size-default\">Canal de Den\u00fancia<\/h2>\t\t<\/div>\n\t\t\t\t<\/div>\n\t\t\t\t<div class=\"elementor-element elementor-element-9307d4d elementor-widget elementor-widget-text-editor\" data-id=\"9307d4d\" data-element_type=\"widget\" data-widget_type=\"text-editor.default\">\n\t\t\t\t<div class=\"elementor-widget-container\">\n\t\t\t\t\t\t\t\t<div class=\"elementor-text-editor elementor-clearfix\">\n\t\t\t\t<p><span style=\"color: #333333;\">Esse \u00e9 um canal seguro exclusivo da Gimenes Gimenes para comunica\u00e7\u00e3o de condutas consideradas anti\u00e9ticas, ou que violem os princ\u00edpios do C\u00f3digo de Conduta \/ Legisla\u00e7ao viegente.<\/span><\/p><p><span style=\"color: #333333;\">As informa\u00e7\u00f5es podem ser enviadas de forma an\u00f4nima e s\u00e3o recebidas por uma empresa independente e especializada, assegurando sigilo absoluto e o tratamento adequado de cada situa\u00e7\u00e3o pela administra\u00e7\u00e3o da Gimenes Gimenes, sem conflito de interesses.<\/span><\/p><p><span style=\"color: #333333;\">Acesse o canal abaixo:<\/span><\/p>\t\t\t\t\t<\/div>\n\t\t\t\t\t\t<\/div>\n\t\t\t\t<\/div>\n\t\t\t\t<div class=\"elementor-element elementor-element-92f0e12 elementor-widget elementor-widget-button\" data-id=\"92f0e12\" data-element_type=\"widget\" data-widget_type=\"button.default\">\n\t\t\t\t<div class=\"elementor-widget-container\">\n\t\t\t\t\t<div class=\"elementor-button-wrapper\">\n\t\t\t<a href=\"https:\/\/web.intuix.com.br\/report-channel?customerId=2b65c3be-9743-4af3-8711-44684e6c147e\" class=\"elementor-button-link elementor-button elementor-size-sm\" role=\"button\">\n\t\t\t\t\t\t<span class=\"elementor-button-content-wrapper\">\n\t\t\t\t\t\t<span class=\"elementor-button-text\">Clique aqui para acessar o canal<\/span>\n\t\t<\/span>\n\t\t\t\t\t<\/a>\n\t\t<\/div>\n\t\t\t\t<\/div>\n\t\t\t\t<\/div>\n\t\t\t\t<div class=\"elementor-element elementor-element-0604299 elementor-widget elementor-widget-text-editor\" data-id=\"0604299\" data-element_type=\"widget\" data-widget_type=\"text-editor.default\">\n\t\t\t\t<div class=\"elementor-widget-container\">\n\t\t\t\t\t\t\t\t<div class=\"elementor-text-editor elementor-clearfix\">\n\t\t\t\t<p><span style=\"color: #333333;\">Ou se preferir leia o QR Code:<\/span><\/p><p><img loading=\"lazy\" src=\"https:\/\/i0.wp.com\/gimenesgimenes.com.br\/wp-content\/uploads\/2022\/11\/qrcode.png?resize=168%2C168&#038;ssl=1\" alt=\"\" width=\"168\" height=\"168\" class=\"alignnone  wp-image-578\" data-recalc-dims=\"1\" srcset=\"https:\/\/i0.wp.com\/gimenesgimenes.com.br\/wp-content\/uploads\/2022\/11\/qrcode.png?w=300&amp;ssl=1 300w, https:\/\/i0.wp.com\/gimenesgimenes.com.br\/wp-content\/uploads\/2022\/11\/qrcode.png?resize=150%2C150&amp;ssl=1 150w\" sizes=\"(max-width: 168px) 100vw, 168px\" \/><\/p>\t\t\t\t\t<\/div>\n\t\t\t\t\t\t<\/div>\n\t\t\t\t<\/div>\n\t\t\t\t<div class=\"elementor-element elementor-element-3d2891e elementor-widget elementor-widget-image\" data-id=\"3d2891e\" data-element_type=\"widget\" data-widget_type=\"image.default\">\n\t\t\t\t<div class=\"elementor-widget-container\">\n\t\t\t\t\t\t\t\t<div class=\"elementor-image\">\n\t\t\t\t\t\t\t\t\t\t\t\t<img width=\"283\" height=\"41\" src=\"https:\/\/i0.wp.com\/gimenesgimenes.com.br\/wp-content\/uploads\/2022\/11\/certificado.png?fit=283%2C41&amp;ssl=1\" class=\"attachment-medium size-medium\" alt=\"\" loading=\"lazy\" \/>\t\t\t\t\t\t\t\t\t\t\t\t\t\t<\/div>\n\t\t\t\t\t\t<\/div>\n\t\t\t\t<\/div>\n\t\t\t\t\t\t<\/div>\n\t\t\t\t\t<\/div>\n\t\t<\/div>\n\t\t\t\t\t\t\t\t<\/div>\n\t\t\t\t\t<\/div>\n\t\t<\/section>\n\t\t\t\t\t\t\t\t\t<\/div>\n\t\t\t<\/div>\n\t\t\t\t\t<\/div>\n\t\t","protected":false},"excerpt":{"rendered":"<p>Canal de Den\u00fancia Esse \u00e9 um canal seguro exclusivo da Gimenes Gimenes para comunica\u00e7\u00e3o de condutas consideradas anti\u00e9ticas, ou que violem os princ\u00edpios do C\u00f3digo de Conduta \/ Legisla\u00e7ao viegente. As informa\u00e7\u00f5es podem ser enviadas de forma an\u00f4nima e s\u00e3o recebidas por uma empresa independente e especializada, assegurando sigilo absoluto [&hellip;]<\/p>\n","protected":false},"author":1,"featured_media":0,"parent":0,"menu_order":0,"comment_status":"closed","ping_status":"closed","template":"page-templates\/template-pagebuilder-full-width.php","meta":[],"_links":{"self":[{"href":"https:\/\/gimenesgimenes.com.br\/index.php?rest_route=\/wp\/v2\/pages\/120"}],"collection":[{"href":"https:\/\/gimenesgimenes.com.br\/index.php?rest_route=\/wp\/v2\/pages"}],"about":[{"href":"https:\/\/gimenesgimenes.com.br\/index.php?rest_route=\/wp\/v2\/types\/page"}],"author":[{"embeddable":true,"href":"https:\/\/gimenesgimenes.com.br\/index.php?rest_route=\/wp\/v2\/users\/1"}],"replies":[{"embeddable":true,"href":"https:\/\/gimenesgimenes.com.br\/index.php?rest_route=%2Fwp%2Fv2%2Fcomments&post=120"}],"version-history":[{"count":35,"href":"https:\/\/gimenesgimenes.com.br\/index.php?rest_route=\/wp\/v2\/pages\/120\/revisions"}],"predecessor-version":[{"id":595,"href":"https:\/\/gimenesgimenes.com.br\/index.php?rest_route=\/wp\/v2\/pages\/120\/revisions\/595"}],"wp:attachment":[{"href":"https:\/\/gimenesgimenes.com.br\/index.php?rest_route=%2Fwp%2Fv2%2Fmedia&parent=120"}],"curies":[{"name":"wp","href":"https:\/\/api.w.org\/{rel}","templated":true}]}}